{"id":1391,"date":"2016-02-17T10:10:54","date_gmt":"2016-02-17T10:10:54","guid":{"rendered":"http:\/\/smartyschool.stylemixthemes.com\/?page_id=1391"},"modified":"2023-07-31T16:02:57","modified_gmt":"2023-07-31T16:02:57","slug":"tvarkarastis","status":"publish","type":"page","link":"https:\/\/muzikalusdarzelis.lt\/en\/tvarkarastis\/","title":{"rendered":"Schedule"},"content":{"rendered":"<div class=\"wpb-content-wrapper\"><div class=\"vc_row wpb_row vc_row-fluid vc_custom_1475044133460\"><div class=\"wpb_column vc_column_container vc_col-sm-12\"><div class=\"vc_column-inner\"><div class=\"wpb_wrapper\"><h1 class=\"stm-title stm-font_color_lilac stm-title_sep_bottom\" style=\"text-align:center;margin-bottom:31px\">\n\nSchedule\n<\/h1>\n<div class=\"vc_tta-container\" data-vc-action=\"collapse\"><div class=\"vc_general vc_tta vc_tta-tabs vc_tta-shape-rounded vc_tta-o-shape-group vc_tta-tabs-position-top  vc_tta-tabs_style-1\"><div class=\"vc_tta-tabs-container\"><ul class=\"vc_tta-tabs-list\"><li class=\"vc_tta-tab vc_active\" data-vc-tab><a href=\"#1685531845934-dd3d1da6-0fc5\" data-vc-tabs data-vc-container=\".vc_tta\"><span class=\"vc_tta-title-text\">\u201cSING AND PLAY\u201d (2-3 y.)<\/span><\/a><\/li><li class=\"vc_tta-tab\" data-vc-tab><a href=\"#1685531845948-938bc0d0-c758\" data-vc-tabs data-vc-container=\".vc_tta\"><span class=\"vc_tta-title-text\">\u201dWIGGLE AND GROW\u201d (3-4 y.)<\/span><\/a><\/li><li class=\"vc_tta-tab\" data-vc-tab><a href=\"#1685531847516-87a9879e-d1fc\" data-vc-tabs data-vc-container=\".vc_tta\"><span class=\"vc_tta-title-text\">\u201dLAUGH AND LEARN\u201d (5-6 y.)<\/span><\/a><\/li><\/ul><\/div><div class=\"vc_tta-panels-container\"><div class=\"vc_tta-panels\"><div class=\"vc_tta-panel vc_active\" id=\"1685531845934-dd3d1da6-0fc5\" data-vc-content=\".vc_tta-panel-body\"><div class=\"vc_tta-panel-heading\"><h4 class=\"vc_tta-panel-title\"><a href=\"#1685531845934-dd3d1da6-0fc5\" data-vc-accordion data-vc-container=\".vc_tta-container\"><span class=\"vc_tta-title-text\">\u201cSING AND PLAY\u201d (2-3 y.)<\/span><\/a><\/h4><\/div><div class=\"vc_tta-panel-body\">\n\t<div class=\"wpb_text_column wpb_content_element\" >\n\t\t<div class=\"wpb_wrapper\">\n\t\t\t<ul>\n<li>8.00 Good morning<\/li>\n<li>9:00 Breakfast<\/li>\n<li>9:20 Morning circle<\/li>\n<li>9:40 Music in the English language \/ Lithuanian language \/ Drama \/ Sports \/ Dance<\/li>\n<li>10:10 Active work (Art\/Math\/Language\/ Ceramics\/ Cooking \/ Sensory Play)<\/li>\n<li>10:45 Fruit snack<\/li>\n<li>11.00 Outside \/ sports outside<\/li>\n<li>12:15 Lunch<\/li>\n<li>12:50 Let's lay down and sing lullabies \/ Story Time<\/li>\n<li>13:00 -15.00 Nap time<\/li>\n<li>15.30 Snack<\/li>\n<li>16.00 Sports\/ Mini disco<\/li>\n<li>16.30-18.00 Afternoon games outside\/inside<\/li>\n<\/ul>\n\n\t\t<\/div>\n\t<\/div>\n<\/div><\/div><div class=\"vc_tta-panel\" id=\"1685531845948-938bc0d0-c758\" data-vc-content=\".vc_tta-panel-body\"><div class=\"vc_tta-panel-heading\"><h4 class=\"vc_tta-panel-title\"><a href=\"#1685531845948-938bc0d0-c758\" data-vc-accordion data-vc-container=\".vc_tta-container\"><span class=\"vc_tta-title-text\">\u201dWIGGLE AND GROW\u201d (3-4 y.)<\/span><\/a><\/h4><\/div><div class=\"vc_tta-panel-body\">\n\t<div class=\"wpb_text_column wpb_content_element\" >\n\t\t<div class=\"wpb_wrapper\">\n\t\t\t<ul>\n<li>8.00 Good morning<\/li>\n<li>8.50 Breakfast<\/li>\n<li>9:10 Morning circle<\/li>\n<li>9:20 Active work (Art\/Math\/Numicon\/ Language\/ Ceramics\/ Cooking\/ Knowledge of the World)<\/li>\n<li>10.00 Meditation<\/li>\n<li>10:10 Music in the English language \/ Lithuanian language \/ Drama \/ Sports \/ Dances \/ Yoga<\/li>\n<li>10:45 Fruit snack<\/li>\n<li>11.00 Outside \/ sports outside\/ Forest<\/li>\n<li>12:15 Lunch<\/li>\n<li>13.00 Calm Hour\/ Story Time<\/li>\n<li>13:30 -15.30 Nap time<\/li>\n<li>15.30 Snack<\/li>\n<li>16.00 Sports\/ Mini disco\/ Ensemble\/ Yoga\/ LT lang.\/ Eng lang.<\/li>\n<li>16.30-18.00 Afternoon games outside\/inside<\/li>\n<\/ul>\n\n\t\t<\/div>\n\t<\/div>\n<\/div><\/div><div class=\"vc_tta-panel\" id=\"1685531847516-87a9879e-d1fc\" data-vc-content=\".vc_tta-panel-body\"><div class=\"vc_tta-panel-heading\"><h4 class=\"vc_tta-panel-title\"><a href=\"#1685531847516-87a9879e-d1fc\" data-vc-accordion data-vc-container=\".vc_tta-container\"><span class=\"vc_tta-title-text\">\u201dLAUGH AND LEARN\u201d (5-6 y.)<\/span><\/a><\/h4><\/div><div class=\"vc_tta-panel-body\">\n\t<div class=\"wpb_text_column wpb_content_element\" >\n\t\t<div class=\"wpb_wrapper\">\n\t\t\t<ul>\n<li>8.00 Good morning<\/li>\n<li>8.50 Breakfast<\/li>\n<li>9:10 Morning circle<\/li>\n<li>9:20 Active work (Art\/Math\/Numicon\/ Language\/ Ceramics\/ Cooking\/ Knowledge of the World)<\/li>\n<li>10.00 Meditation<\/li>\n<li>10:00 Music in the English language \/ Lithuanian language \/ Drama \/ Sports \/ Dances \/ Yoga<\/li>\n<li>10:45 Fruit snack<\/li>\n<li>11.00 Outside \/ sports outside\/ Forest<\/li>\n<li>12.30 Lunch<\/li>\n<li>13.00-13.30 - Story Time<\/li>\n<li>13.30 - 14.30 Worksheets\/ Nap Time<\/li>\n<li>14.30-15.30 Free Play<\/li>\n<li>15.45 Snack<\/li>\n<li>16.00 Sports\/ Mini disco\/ Ensemble\/ Yoga\/ LT lang.\/ Eng lang.<\/li>\n<li>16.30-18.00 Afternoon games outside\/inside<\/li>\n<\/ul>\n\n\t\t<\/div>\n\t<\/div>\n<\/div><\/div><\/div><\/div><\/div><\/div><\/div><\/div><\/div><\/div>\n<\/div>","protected":false},"excerpt":{"rendered":"Tvarkara\u0161tis \u201cSING AND PLAY\u201d (2-3 m.)\u201dWIGGLE AND GROW\u201d (3-4 m.)\u201dLAUGH AND LEARN\u201d (5-6 m.)\u201cSING AND PLAY\u201d (2-3 m.) 8.00 Labas rytas, ryto \u017eaidimai 9:00\u00a0 Pusry\u010diai 9:30 Ryto ratas 9:40 Angl\u0173\u00a0kalbos muzik\u0117l\u0117 \/ Lietuvi\u0173\u00a0kalbos muzik\u0117l\u0117 \/ Teatras \/ Sportas\/ \u0160okiai 10:10 Darbelis (dail\u0117, kalba, matematika, keramika, maisto gamyba, sensory play) 10.45 Vaisi\u0173 u\u017ekand\u0117l\u0117 11.00 Laukas \/ [...]","protected":false},"author":1,"featured_media":0,"parent":0,"menu_order":0,"comment_status":"closed","ping_status":"closed","template":"","meta":{"om_disable_all_campaigns":false,"_uf_show_specific_survey":0,"_uf_disable_surveys":false,"footnotes":""},"class_list":["post-1391","page","type-page","status-publish","hentry"],"aioseo_notices":[],"_links":{"self":[{"href":"https:\/\/muzikalusdarzelis.lt\/en\/wp-json\/wp\/v2\/pages\/1391","targetHints":{"allow":["GET"]}}],"collection":[{"href":"https:\/\/muzikalusdarzelis.lt\/en\/wp-json\/wp\/v2\/pages"}],"about":[{"href":"https:\/\/muzikalusdarzelis.lt\/en\/wp-json\/wp\/v2\/types\/page"}],"author":[{"embeddable":true,"href":"https:\/\/muzikalusdarzelis.lt\/en\/wp-json\/wp\/v2\/users\/1"}],"replies":[{"embeddable":true,"href":"https:\/\/muzikalusdarzelis.lt\/en\/wp-json\/wp\/v2\/comments?post=1391"}],"version-history":[{"count":10,"href":"https:\/\/muzikalusdarzelis.lt\/en\/wp-json\/wp\/v2\/pages\/1391\/revisions"}],"predecessor-version":[{"id":5035,"href":"https:\/\/muzikalusdarzelis.lt\/en\/wp-json\/wp\/v2\/pages\/1391\/revisions\/5035"}],"wp:attachment":[{"href":"https:\/\/muzikalusdarzelis.lt\/en\/wp-json\/wp\/v2\/media?parent=1391"}],"curies":[{"name":"wp","href":"https:\/\/api.w.org\/{rel}","templated":true}]}}