{"id":19,"date":"2015-11-25T07:32:41","date_gmt":"2015-11-25T07:32:41","guid":{"rendered":"http:\/\/smartyschool.stylemixthemes.com\/?page_id=19"},"modified":"2025-10-28T11:42:25","modified_gmt":"2025-10-28T11:42:25","slug":"titulinis","status":"publish","type":"page","link":"https:\/\/muzikalusdarzelis.lt\/en\/","title":{"rendered":"Titulinis"},"content":{"rendered":"<div class=\"wpb-content-wrapper\"><div class=\"vc_row wpb_row vc_row-fluid vc_custom_1474549215091\"><div class=\"wpb_column vc_column_container vc_col-sm-12\"><div class=\"vc_column-inner\"><div class=\"wpb_wrapper\">\n\t<div class=\"wpb_text_column wpb_content_element\" >\n\t\t<div class=\"wpb_wrapper\">\n\t\t\t\n\n\t\t<\/div>\n\t<\/div>\n<\/div><\/div><\/div><\/div><div class=\"vc_row wpb_row vc_row-fluid vc_custom_1475589360749\"><div class=\"wpb_column vc_column_container vc_col-sm-12\"><div class=\"vc_column-inner\"><div class=\"wpb_wrapper\"><h1 class=\"stm-title stm-font_color_lilac stm-title_sep_bottom\" style=\"text-align:center;margin-bottom:31px\">\n\nOur values\n<\/h1>\n<div class=\"vc_row wpb_row vc_inner vc_row-fluid\"><div class=\"wpb_column vc_column_container vc_col-sm-4\"><div class=\"vc_column-inner\"><div class=\"wpb_wrapper\">\n<div class=\"stm-action-box\" style=\"text-align:center\">\n            <figure class=\"stm-action-box__figure_box\">\n                                                <span class=\"stm-action-box__thumbnail\">\n                        <img decoding=\"async\" class=\"\" src=\"https:\/\/muzikalusdarzelis.lt\/wp-content\/uploads\/2023\/06\/child-home-sitting-table-writes-390x390.jpg\" width=\"390\" height=\"390\" alt=\"child-home-sitting-table-writes\" title=\"child-home-sitting-table-writes\" loading=\"lazy\" \/>                    <\/span>\n                                            <span class=\"stm-action-box__figcaption-title\">\n                            <span class=\"stm-action-box__title-text\">Music and Language<\/span>\n                        <\/span>\n                                                                                <figcaption class=\"stm-action-box__figcaption_box\" style=\"background-color:custom;background-color:#bd66ff\">\n                    <div class=\"stm-action-box__content-text\" style=\"color:white\">\n                        Early musical experience can have a strong influence on literacy and reading skills.                    <\/div>\n                <\/figcaption>\n                                <\/figure>\n    <\/div>\n<\/div><\/div><\/div><div class=\"wpb_column vc_column_container vc_col-sm-4\"><div class=\"vc_column-inner\"><div class=\"wpb_wrapper\">\n<div class=\"stm-action-box\" style=\"text-align:center\">\n            <figure class=\"stm-action-box__figure_box\">\n                                                <span class=\"stm-action-box__thumbnail\">\n                        <img decoding=\"async\" class=\"\" src=\"https:\/\/muzikalusdarzelis.lt\/wp-content\/uploads\/2023\/06\/boy-doing-some-mathematical-exercises-390x390.jpg\" width=\"390\" height=\"390\" alt=\"boy-doing-some-mathematical-exercises\" title=\"boy-doing-some-mathematical-exercises\" loading=\"lazy\" \/>                    <\/span>\n                                            <span class=\"stm-action-box__figcaption-title\">\n                            <span class=\"stm-action-box__title-text\">Music and Math<\/span>\n                        <\/span>\n                                                                                <figcaption class=\"stm-action-box__figcaption_box\" style=\"background-color:custom;background-color:#ffaf40\">\n                    <div class=\"stm-action-box__content-text\" style=\"color:white\">\n                        Early musical experience strengthens children's cognitive abilities.                    <\/div>\n                <\/figcaption>\n                                <\/figure>\n    <\/div>\n<\/div><\/div><\/div><div class=\"wpb_column vc_column_container vc_col-sm-4\"><div class=\"vc_column-inner\"><div class=\"wpb_wrapper\">\n<div class=\"stm-action-box\" style=\"text-align:center\">\n            <figure class=\"stm-action-box__figure_box\">\n                                                <span class=\"stm-action-box__thumbnail\">\n                        <img decoding=\"async\" class=\"\" src=\"https:\/\/muzikalusdarzelis.lt\/wp-content\/uploads\/2023\/06\/smiling-kid-standing-with-hands-spread-wide-390x390.jpg\" width=\"390\" height=\"390\" alt=\"smiling-kid-standing-with-hands-spread-wide\" title=\"smiling-kid-standing-with-hands-spread-wide\" loading=\"lazy\" \/>                    <\/span>\n                                            <span class=\"stm-action-box__figcaption-title\">\n                            <span class=\"stm-action-box__title-text\">Music and social development<\/span>\n                        <\/span>\n                                                                                <figcaption class=\"stm-action-box__figcaption_box\" style=\"background-color:custom;background-color:#ff6666\">\n                    <div class=\"stm-action-box__content-text\" style=\"color:white\">\n                        Early participation in active musical activities that involve movement positively affects children's social development.                    <\/div>\n                <\/figcaption>\n                                <\/figure>\n    <\/div>\n<\/div><\/div><\/div><\/div><\/div><\/div><\/div><\/div><div data-vc-full-width=\"true\" data-vc-full-width-init=\"false\" data-vc-stretch-content=\"true\" class=\"vc_row wpb_row vc_row-fluid vc_custom_1476702747323 vc_row-has-fill vc_row-no-padding\"><div class=\"wpb_column vc_column_container vc_col-sm-4 vc_col-lg-5 vc_hidden-md vc_hidden-sm vc_hidden-xs vc_col-has-fill\"><div class=\"vc_column-inner vc_custom_1685526081855\"><div class=\"wpb_wrapper\"><div class=\"stm-spacing\" id=\"stm-spacing-69db28ff9a9b1\"><\/div>\n<script>\n\t(function($){\n\t\t\"use strict\";\n\t\tvar spacingID = 'stm-spacing-69db28ff9a9b1',\n\t\t\t  lgSpacing = '640px',\n\t\t\t  mdSpacing = '',\n\t\t\t  smSpacing = '',\n\t\t\t  xsSpacing = '';\n\n\t\tfunction smartySpacing() {\n\t\t\tif ( window.matchMedia(\"(min-width: 1200px)\").matches && lgSpacing ) {\n\t\t\t\t$( '#' + spacingID ).css ( \"height\", lgSpacing );\n\t\t\t} else if ( window.matchMedia(\"(max-width: 1199px) and (min-width: 992px )\").matches && mdSpacing ) {\n\t\t\t\t$( '#' + spacingID ).css ( \"height\", mdSpacing );\n\t\t\t} else if ( window.matchMedia(\"(max-width: 991px) and (min-width: 768px )\").matches && smSpacing ) {\n\t\t\t\t$( '#' + spacingID ).css ( \"height\", smSpacing );\n\t\t\t} else if ( window.matchMedia(\"(max-width: 767px)\").matches && xsSpacing ) {\n\t\t\t\t$( '#' + spacingID ).css ( \"height\", xsSpacing );\n\t\t\t} else {\n\t\t\t\t$( '#' + spacingID ).css ( \"height\", \"\" );\n\t\t\t}\n\t\t}\n\n\t\t$(document).ready(function() {\n\t\t\tsmartySpacing();\n\t\t});\n\n\t\t$(window).resize(function() {\n\t\t\tsmartySpacing();\n\t\t});\n\n\t})(jQuery);\n<\/script>\n\n<\/div><\/div><\/div><div class=\"max-width-720 wpb_column vc_column_container vc_col-sm-12 vc_col-lg-7 vc_col-md-12 vc_col-xs-12\"><div class=\"vc_column-inner vc_custom_1476702770014\"><div class=\"wpb_wrapper\"><h1 class=\"stm-title stm-font_color_lilac stm-title_sep_bottom\" style=\"text-align:left;margin-bottom:36px\">\n\nGroups of preschool\n<\/h1>\n<div class=\"vc_row wpb_row vc_inner vc_row-fluid\"><div class=\"wpb_column vc_column_container vc_col-sm-12\"><div class=\"vc_column-inner vc_custom_1474552895715\"><div class=\"wpb_wrapper\">\n\n\t<div class=\"stm-icon-box stm-icon-box_ic-pos_left stm-icon-box_style-4\" style=\"text-align:left\">\n\t\t\t\t\t\t\t\t\t<div class=\"stm-icon-box__ic-container\" style=\"font-size:63px;color:#95cc47\">\n\t\t\t\t\t<span class=\"stm-icon stm-icon-pyramid\"><\/span>\n\t\t\t\t<\/div>\n\t\t\t\t\t\n\t\t<div class=\"stm-icon-box__content\">\n                            <div class=\"stm-icon-box__title stm-font_color_dark-gray\" >\"Sing and Play\" group for 1,5-3 year old children<\/div>\n            \n\t\t\t\t\t\t\t<div class=\"stm-icon-box__descr stm-font_color_lilac\" >It is an energetic and joyful program that embraces the holistic development of the child.<\/div>\n\t\t\t\t\t\t\t\t<\/div>\n\t\t\t<\/div>\n\n\n<\/div><\/div><\/div><\/div><div class=\"vc_row wpb_row vc_inner vc_row-fluid\"><div class=\"wpb_column vc_column_container vc_col-sm-12\"><div class=\"vc_column-inner vc_custom_1474552929369\"><div class=\"wpb_wrapper\">\n\n\t<div class=\"stm-icon-box stm-icon-box_ic-pos_left stm-icon-box_style-4\" style=\"text-align:left\">\n\t\t\t\t\t\t\t\t\t<div class=\"stm-icon-box__ic-container\" style=\"font-size:70px;margin-top:-5px;color:#ffaf40\">\n\t\t\t\t\t<span class=\"stm-icon stm-icon-big_bear\"><\/span>\n\t\t\t\t<\/div>\n\t\t\t\t\t\n\t\t<div class=\"stm-icon-box__content\">\n                            <div class=\"stm-icon-box__title stm-font_color_dark-gray\" >\u201eWiggle and Grow\u201c group for 3-4 year olds<\/div>\n            \n\t\t\t\t\t\t\t<div class=\"stm-icon-box__descr stm-font_color_lilac\" >It is a program that captures joy of a young child's growth, and with the help of music, children's need for mobility and playfulness is met.<\/div>\n\t\t\t\t\t\t\t\t<\/div>\n\t\t\t<\/div>\n\n\n<\/div><\/div><\/div><\/div><div class=\"vc_row wpb_row vc_inner vc_row-fluid\"><div class=\"wpb_column vc_column_container vc_col-sm-12\"><div class=\"vc_column-inner vc_custom_1474552414674\"><div class=\"wpb_wrapper\">\n\n\t<div class=\"stm-icon-box stm-icon-box_ic-pos_left stm-icon-box_style-4\" style=\"text-align:left\">\n\t\t\t\t\t\t\t\t\t<div class=\"stm-icon-box__ic-container\" style=\"font-size:50px;margin-top:3px;color:#bd66ff\">\n\t\t\t\t\t<span class=\"stm-icon stm-icon-car\"><\/span>\n\t\t\t\t<\/div>\n\t\t\t\t\t\n\t\t<div class=\"stm-icon-box__content\">\n                            <div class=\"stm-icon-box__title stm-font_color_dark-gray\" >\u201cLaugh and Learn\u201c group for 5-6 year olds<\/div>\n            \n\t\t\t\t\t\t\t<div class=\"stm-icon-box__descr stm-font_color_lilac\" >It is a program that responds to a child's desire to be curious, ask questions, imagine, learn and prepare for school.<\/div>\n\t\t\t\t\t\t\t\t<\/div>\n\t\t\t<\/div>\n\n\n<\/div><\/div><\/div><\/div><\/div><\/div><\/div><\/div><div class=\"vc_row-full-width vc_clearfix\"><\/div><div data-vc-full-width=\"true\" data-vc-full-width-init=\"false\" class=\"vc_row wpb_row vc_row-fluid vc_custom_1685531028324\"><div class=\"wpb_column vc_column_container vc_col-sm-12 vc_col-lg-4 vc_col-md-6\"><div class=\"vc_column-inner\"><div class=\"wpb_wrapper\">\n<div class=\"stm-action-box\" style=\"text-align:left\">\n        <figure class=\"stm-action-box__figure\">\n                      <img decoding=\"async\" class=\"\" src=\"https:\/\/muzikalusdarzelis.lt\/wp-content\/uploads\/2023\/05\/343047816_1269637090631912_2963149343229643659_n-350x250.jpg\" width=\"350\" height=\"250\" alt=\"343047816_1269637090631912_2963149343229643659_n\" title=\"343047816_1269637090631912_2963149343229643659_n\" loading=\"lazy\" \/>                <figcaption class=\"stm-action-box__figcaption\" >\n                            <div class=\"stm-action-box__figcaption-title\" style=\"color:white\">\n                                        <span class=\"stm-action-box__title-text\">Schedule<\/span>\n                <\/div>\n                                                                    <div class=\"stm-action-box__figcaption-link-title\" style=\"color:white\"><a href=\"https:\/\/muzikalusdarzelis.lt\/en\/tvarkarastis\/\" target=\"_blank\">More<\/a><\/div>\n                    <\/figcaption>\n    <\/figure>\n    <\/div>\n<\/div><\/div><\/div><div class=\"wpb_column vc_column_container vc_col-sm-12 vc_col-lg-4 vc_col-md-6\"><div class=\"vc_column-inner\"><div class=\"wpb_wrapper\">\n<div class=\"stm-action-box\" style=\"text-align:left\">\n        <figure class=\"stm-action-box__figure\">\n                      <img decoding=\"async\" class=\"\" src=\"https:\/\/muzikalusdarzelis.lt\/wp-content\/uploads\/2023\/05\/339530062_175705654922327_8634112467045124265_n-350x250.jpg\" width=\"350\" height=\"250\" alt=\"339530062_175705654922327_8634112467045124265_n\" title=\"339530062_175705654922327_8634112467045124265_n\" loading=\"lazy\" \/>                <figcaption class=\"stm-action-box__figcaption\" >\n                            <div class=\"stm-action-box__figcaption-title\" style=\"color:white\">\n                                        <span class=\"stm-action-box__title-text\">Prices<\/span>\n                <\/div>\n                                                                    <div class=\"stm-action-box__figcaption-link-title\" style=\"color:white\"><a href=\"https:\/\/muzikalusdarzelis.lt\/en\/kainos\/\" target=\"_self\">More<\/a><\/div>\n                    <\/figcaption>\n    <\/figure>\n    <\/div>\n<\/div><\/div><\/div><div class=\"wpb_column vc_column_container vc_col-sm-12 vc_col-lg-4 vc_col-md-12\"><div class=\"vc_column-inner\"><div class=\"wpb_wrapper\">\n<div class=\"stm-action-box\" style=\"text-align:left\">\n        <figure class=\"stm-action-box__figure\">\n                      <img decoding=\"async\" class=\"\" src=\"https:\/\/muzikalusdarzelis.lt\/wp-content\/uploads\/2023\/05\/322063433_545783364132028_8206924150149375457_n-350x250.jpg\" width=\"350\" height=\"250\" alt=\"322063433_545783364132028_8206924150149375457_n\" title=\"322063433_545783364132028_8206924150149375457_n\" loading=\"lazy\" \/>                <figcaption class=\"stm-action-box__figcaption\" >\n                            <div class=\"stm-action-box__figcaption-title\" style=\"color:white\">\n                                        <span class=\"stm-action-box__title-text\">Gallery<\/span>\n                <\/div>\n                                                                    <div class=\"stm-action-box__figcaption-link-title\" style=\"color:white\"><a href=\"https:\/\/muzikalusdarzelis.lt\/en\/galerija\/\" target=\"_self\">More<\/a><\/div>\n                    <\/figcaption>\n    <\/figure>\n    <\/div>\n<\/div><\/div><\/div><\/div><div class=\"vc_row-full-width vc_clearfix\"><\/div>\n<\/div>","protected":false},"excerpt":{"rendered":"M\u016bs\u0173 vertyb\u0117s Muzika ir kalba Ankstyvoji muzikin\u0117 patirtis gali tur\u0117ti ry\u0161ki\u0105 \u012ftak\u0105 ra\u0161tingumui bei skaitymo \u012fg\u016bd\u017eiams. Muzika ir matematika Ankstyvoji muzikin\u0117 patirtis stiprina vaik\u0173 pa\u017eintinius geb\u0117jimus. Muzika ir socialin\u0117 raida Ankstyvas dalyvavimas aktyviose muzikin\u0117se veiklose, \u012ftraukian\u010diose judes\u012f, teigiamai veikia vaik\u0173 socialinius rezultatus. Dar\u017eelio grup\u0117s \u201eSing and Play\u201c: 1,5-3 met\u0173 vaik\u0173 grup\u0117 Tai energinga ir d\u017eiaugsminga [...]","protected":false},"author":1,"featured_media":0,"parent":0,"menu_order":0,"comment_status":"closed","ping_status":"closed","template":"","meta":{"om_disable_all_campaigns":false,"_uf_show_specific_survey":0,"_uf_disable_surveys":false,"footnotes":""},"class_list":["post-19","page","type-page","status-publish","hentry"],"aioseo_notices":[],"_links":{"self":[{"href":"https:\/\/muzikalusdarzelis.lt\/en\/wp-json\/wp\/v2\/pages\/19","targetHints":{"allow":["GET"]}}],"collection":[{"href":"https:\/\/muzikalusdarzelis.lt\/en\/wp-json\/wp\/v2\/pages"}],"about":[{"href":"https:\/\/muzikalusdarzelis.lt\/en\/wp-json\/wp\/v2\/types\/page"}],"author":[{"embeddable":true,"href":"https:\/\/muzikalusdarzelis.lt\/en\/wp-json\/wp\/v2\/users\/1"}],"replies":[{"embeddable":true,"href":"https:\/\/muzikalusdarzelis.lt\/en\/wp-json\/wp\/v2\/comments?post=19"}],"version-history":[{"count":33,"href":"https:\/\/muzikalusdarzelis.lt\/en\/wp-json\/wp\/v2\/pages\/19\/revisions"}],"predecessor-version":[{"id":14475,"href":"https:\/\/muzikalusdarzelis.lt\/en\/wp-json\/wp\/v2\/pages\/19\/revisions\/14475"}],"wp:attachment":[{"href":"https:\/\/muzikalusdarzelis.lt\/en\/wp-json\/wp\/v2\/media?parent=19"}],"curies":[{"name":"wp","href":"https:\/\/api.w.org\/{rel}","templated":true}]}}