{"id":21,"date":"2015-11-25T07:32:54","date_gmt":"2015-11-25T07:32:54","guid":{"rendered":"http:\/\/smartyschool.stylemixthemes.com\/?page_id=21"},"modified":"2025-11-19T09:43:15","modified_gmt":"2025-11-19T09:43:15","slug":"apie-mus","status":"publish","type":"page","link":"https:\/\/muzikalusdarzelis.lt\/en\/apie-mus\/","title":{"rendered":"About us"},"content":{"rendered":"<div class=\"wpb-content-wrapper\"><div data-vc-full-width=\"true\" data-vc-full-width-init=\"false\" class=\"vc_row wpb_row vc_row-fluid vc_custom_1686043189512 vc_row-has-fill vc_row-o-content-middle vc_row-flex\"><div class=\"wpb_column vc_column_container vc_col-sm-12\"><div class=\"vc_column-inner\"><div class=\"wpb_wrapper\"><h1 class=\"stm-title stm-font_color_lilac stm-title_sep_bottom\" style=\"text-align:center\">\n\nAbout us\n<\/h1>\n<\/div><\/div><\/div><div class=\"wpb_column vc_column_container vc_col-sm-6\"><div class=\"vc_column-inner\"><div class=\"wpb_wrapper\"><h2 class=\"stm-title stm-font_color_lilac stm-title_sep_bottom\" style=\"text-align:left;margin-bottom:26px\">\n\nThe power of music!\n<\/h2>\n\n\t<div class=\"wpb_text_column wpb_content_element\" >\n\t\t<div class=\"wpb_wrapper\">\n\t\t\t<p>A private bilingual kindergarten \u201cM-Studio\u201d was born from \u201cKindermusik\u201d early childhood education program. The letter M stands for music, and the studio stands for a cozy home environment with friendly learning and growth conditions for a child. Here, children grow and learn with music and movement. There is a lot of educational research and the positive effects of music on child development, and their results are impressive. It has been observed that early, positive, age-appropriate musical experience can help strengthen children\u2019s learning, language and literacy (vocabulary, comprehension, listening, expression), social and emotional development, mathematical, and even planning and leadership skills. Musical activities help develop very important personality traits: self-confidence, curiosity, cooperation, self-regulation, and attentive listening. These skills lay a solid foundation for a growing person\u2019s academic and social success in the future.<\/p>\n\n\t\t<\/div>\n\t<\/div>\n<\/div><\/div><\/div><div class=\"wpb_column vc_column_container vc_col-sm-6 vc_hidden-xs\"><div class=\"vc_column-inner vc_custom_1475215424413\"><div class=\"wpb_wrapper\">\n\t<div  class=\"wpb_single_image wpb_content_element vc_align_left wpb_content_element\">\n\t\t\n\t\t<figure class=\"wpb_wrapper vc_figure\">\n\t\t\t<div class=\"vc_single_image-wrapper   vc_box_border_grey\"><img loading=\"lazy\" decoding=\"async\" width=\"720\" height=\"960\" src=\"https:\/\/muzikalusdarzelis.lt\/wp-content\/uploads\/2025\/11\/119028568_3552551491464444_1679439722151566714_n.jpg\" class=\"vc_single_image-img attachment-large\" alt=\"\" title=\"119028568_3552551491464444_1679439722151566714_n\" srcset=\"https:\/\/muzikalusdarzelis.lt\/wp-content\/uploads\/2025\/11\/119028568_3552551491464444_1679439722151566714_n.jpg 720w, https:\/\/muzikalusdarzelis.lt\/wp-content\/uploads\/2025\/11\/119028568_3552551491464444_1679439722151566714_n-225x300.jpg 225w, https:\/\/muzikalusdarzelis.lt\/wp-content\/uploads\/2025\/11\/119028568_3552551491464444_1679439722151566714_n-9x12.jpg 9w\" sizes=\"auto, (max-width: 720px) 100vw, 720px\" \/><\/div>\n\t\t<\/figure>\n\t<\/div>\n<\/div><\/div><\/div><\/div><div class=\"vc_row-full-width vc_clearfix\"><\/div><div data-vc-full-width=\"true\" data-vc-full-width-init=\"false\" class=\"vc_row wpb_row vc_row-fluid vc_custom_1686045019407 vc_row-o-content-middle vc_row-flex\"><div class=\"wpb_column vc_column_container vc_col-sm-6\"><div class=\"vc_column-inner\"><div class=\"wpb_wrapper\"><div class=\"vc_separator wpb_content_element vc_separator_align_center vc_sep_width_100 vc_sep_shadow vc_sep_pos_align_left vc_separator_no_text vc_sep_color_grey wpb_content_element  wpb_content_element\" ><span class=\"vc_sep_holder vc_sep_holder_l\"><span class=\"vc_sep_line\"><\/span><\/span><span class=\"vc_sep_holder vc_sep_holder_r\"><span class=\"vc_sep_line\"><\/span><\/span>\n<\/div>\n\t<div  class=\"wpb_single_image wpb_content_element vc_align_left wpb_content_element\">\n\t\t\n\t\t<figure class=\"wpb_wrapper vc_figure\">\n\t\t\t<div class=\"vc_single_image-wrapper   vc_box_border_grey\"><img loading=\"lazy\" decoding=\"async\" width=\"720\" height=\"960\" src=\"https:\/\/muzikalusdarzelis.lt\/wp-content\/uploads\/2025\/11\/pottery.jpg\" class=\"vc_single_image-img attachment-large\" alt=\"\" title=\"pottery\" srcset=\"https:\/\/muzikalusdarzelis.lt\/wp-content\/uploads\/2025\/11\/pottery.jpg 720w, https:\/\/muzikalusdarzelis.lt\/wp-content\/uploads\/2025\/11\/pottery-225x300.jpg 225w, https:\/\/muzikalusdarzelis.lt\/wp-content\/uploads\/2025\/11\/pottery-9x12.jpg 9w\" sizes=\"auto, (max-width: 720px) 100vw, 720px\" \/><\/div>\n\t\t<\/figure>\n\t<\/div>\n<div class=\"vc_row wpb_row vc_inner vc_row-fluid\"><div class=\"wpb_column vc_column_container vc_col-sm-12\"><div class=\"vc_column-inner\"><div class=\"wpb_wrapper\"><h2 class=\"stm-title stm-font_color_lilac stm-title_sep_bottom\" style=\"text-align:left;margin-bottom:26px\">\n\nEarly English learning\n<\/h2>\n\n\t<div class=\"wpb_text_column wpb_content_element\" >\n\t\t<div class=\"wpb_wrapper\">\n\t\t\t<p>In our kindergarten, children learn English  most naturally, through immersion. Two teachers work with children in a group all the time, each one speaks a separate language \u200b\u200b\u2013 Lithuanian or English. Research shows that the easiest way for a child to learn a second language is from a person who speaks it, through natural communication, active activities, observing facial expressions and body language. The earlier learning begins, ideally at the time when native language skills are being formed, the faster second language skills are formed. In bilingual education, the harmonious and sustainable growth of various children's needs is of particular importance, therefore, our teachers apply the principles of universal design in teaching. When teaching children, we always take into account their individual growth rate, and we are happy with all their achievements. Teachers understand that the most important thing is to enjoy the educational process and teach through play, and the results come with time.<\/p>\n\n\t\t<\/div>\n\t<\/div>\n<\/div><\/div><\/div><\/div><\/div><\/div><\/div><div class=\"wpb_column vc_column_container vc_col-sm-6 vc_hidden-xs\"><div class=\"vc_column-inner vc_custom_1475215424413\"><div class=\"wpb_wrapper\"><h2 class=\"stm-title stm-font_color_lilac stm-title_sep_bottom\" style=\"text-align:left;margin-bottom:26px\">\n\nArt is around us\n<\/h2>\n\n\t<div class=\"wpb_text_column wpb_content_element\" >\n\t\t<div class=\"wpb_wrapper\">\n\t\t\t<p>Our children experience the joy of art every day. Painting, drawing, sensory exploration, ceramics, dance, theater and improvisation lessons, experiments in the kitchen - all these fun and beneficial activities for a child's growth are part of our educational program. Activities are led by experienced and creative educators in English and Lithuanian.<\/p>\n\n\t\t<\/div>\n\t<\/div>\n<div class=\"vc_empty_space\"   style=\"height: 500px\"><span class=\"vc_empty_space_inner\"><\/span><\/div>\n\t<div  class=\"wpb_single_image wpb_content_element vc_align_right wpb_content_element\">\n\t\t\n\t\t<figure class=\"wpb_wrapper vc_figure\">\n\t\t\t<div class=\"vc_single_image-wrapper   vc_box_border_grey\"><img loading=\"lazy\" decoding=\"async\" width=\"960\" height=\"720\" src=\"https:\/\/muzikalusdarzelis.lt\/wp-content\/uploads\/2025\/11\/126448566_10218538589517044_8167493851589501739_n.jpg\" class=\"vc_single_image-img attachment-full\" alt=\"\" title=\"126448566_10218538589517044_8167493851589501739_n\" srcset=\"https:\/\/muzikalusdarzelis.lt\/wp-content\/uploads\/2025\/11\/126448566_10218538589517044_8167493851589501739_n.jpg 960w, https:\/\/muzikalusdarzelis.lt\/wp-content\/uploads\/2025\/11\/126448566_10218538589517044_8167493851589501739_n-300x225.jpg 300w, https:\/\/muzikalusdarzelis.lt\/wp-content\/uploads\/2025\/11\/126448566_10218538589517044_8167493851589501739_n-768x576.jpg 768w, https:\/\/muzikalusdarzelis.lt\/wp-content\/uploads\/2025\/11\/126448566_10218538589517044_8167493851589501739_n-16x12.jpg 16w\" sizes=\"auto, (max-width: 960px) 100vw, 960px\" \/><\/div>\n\t\t<\/figure>\n\t<\/div>\n<\/div><\/div><\/div><\/div><div class=\"vc_row-full-width vc_clearfix\"><\/div><div data-vc-full-width=\"true\" data-vc-full-width-init=\"false\" class=\"vc_row wpb_row vc_row-fluid vc_custom_1686043189512 vc_row-has-fill vc_row-o-content-middle vc_row-flex\"><div class=\"wpb_column vc_column_container vc_col-sm-6\"><div class=\"vc_column-inner\"><div class=\"wpb_wrapper\"><h2 class=\"stm-title stm-font_color_lilac stm-title_sep_bottom\" style=\"text-align:left;margin-bottom:26px\">\n\nExperiential learning and STEAM\n<\/h2>\n\n\t<div class=\"wpb_text_column wpb_content_element\" >\n\t\t<div class=\"wpb_wrapper\">\n\t\t\t<p>In our kindergarten, education is based on units that change every two weeks. The themes reflect a diversity of nature, seasons, world phenomena, professions, our country's holidays and significant events, culture and science. We learn in an integrated way \u2013 we count, measure, speak, listen, explore \u2013 in order to understand how and why the world works. The youngest children learn best with experiential education methods and tools that encourage them to perceive and feel the world through hearing, sight, touch, and smell. The STEAM Kids program for children from 3 years old allows them to continue such important exploration of the real world, learn how complex phenomena work, and solve real problems: design and build houses and bridges, construct sewage, electricity, and drainage systems, and wind turbines, understand how the Internet works and how to behave safely on it.<\/p>\n\n\t\t<\/div>\n\t<\/div>\n<\/div><\/div><\/div><div class=\"wpb_column vc_column_container vc_col-sm-6 vc_hidden-xs\"><div class=\"vc_column-inner vc_custom_1475215424413\"><div class=\"wpb_wrapper\">\n\t<div  class=\"wpb_single_image wpb_content_element vc_align_left wpb_content_element\">\n\t\t\n\t\t<figure class=\"wpb_wrapper vc_figure\">\n\t\t\t<div class=\"vc_single_image-wrapper   vc_box_border_grey\"><img loading=\"lazy\" decoding=\"async\" width=\"768\" height=\"1024\" src=\"https:\/\/muzikalusdarzelis.lt\/wp-content\/uploads\/2025\/11\/steam-768x1024.jpg\" class=\"vc_single_image-img attachment-large\" alt=\"\" title=\"steam\" srcset=\"https:\/\/muzikalusdarzelis.lt\/wp-content\/uploads\/2025\/11\/steam-768x1024.jpg 768w, https:\/\/muzikalusdarzelis.lt\/wp-content\/uploads\/2025\/11\/steam-225x300.jpg 225w, https:\/\/muzikalusdarzelis.lt\/wp-content\/uploads\/2025\/11\/steam-1152x1536.jpg 1152w, https:\/\/muzikalusdarzelis.lt\/wp-content\/uploads\/2025\/11\/steam-9x12.jpg 9w, https:\/\/muzikalusdarzelis.lt\/wp-content\/uploads\/2025\/11\/steam.jpg 1536w\" sizes=\"auto, (max-width: 768px) 100vw, 768px\" \/><\/div>\n\t\t<\/figure>\n\t<\/div>\n<\/div><\/div><\/div><\/div><div class=\"vc_row-full-width vc_clearfix\"><\/div><div class=\"vc_row wpb_row vc_row-fluid\"><div class=\"wpb_column vc_column_container vc_col-sm-6\"><div class=\"vc_column-inner\"><div class=\"wpb_wrapper\">\n\t<div  class=\"wpb_single_image wpb_content_element vc_align_left wpb_content_element\">\n\t\t\n\t\t<figure class=\"wpb_wrapper vc_figure\">\n\t\t\t<div class=\"vc_single_image-wrapper   vc_box_border_grey\"><img loading=\"lazy\" decoding=\"async\" width=\"2560\" height=\"1920\" src=\"https:\/\/muzikalusdarzelis.lt\/wp-content\/uploads\/2024\/04\/20201208_101416-scaled.jpg\" class=\"vc_single_image-img attachment-full\" alt=\"\" title=\"20201208_101416\" srcset=\"https:\/\/muzikalusdarzelis.lt\/wp-content\/uploads\/2024\/04\/20201208_101416-scaled.jpg 2560w, https:\/\/muzikalusdarzelis.lt\/wp-content\/uploads\/2024\/04\/20201208_101416-300x225.jpg 300w, https:\/\/muzikalusdarzelis.lt\/wp-content\/uploads\/2024\/04\/20201208_101416-1024x768.jpg 1024w, https:\/\/muzikalusdarzelis.lt\/wp-content\/uploads\/2024\/04\/20201208_101416-768x576.jpg 768w, https:\/\/muzikalusdarzelis.lt\/wp-content\/uploads\/2024\/04\/20201208_101416-1536x1152.jpg 1536w, https:\/\/muzikalusdarzelis.lt\/wp-content\/uploads\/2024\/04\/20201208_101416-2048x1536.jpg 2048w, https:\/\/muzikalusdarzelis.lt\/wp-content\/uploads\/2024\/04\/20201208_101416-16x12.jpg 16w\" sizes=\"auto, (max-width: 2560px) 100vw, 2560px\" \/><\/div>\n\t\t<\/figure>\n\t<\/div>\n<\/div><\/div><\/div><div class=\"wpb_column vc_column_container vc_col-sm-6\"><div class=\"vc_column-inner\"><div class=\"wpb_wrapper\"><h2 class=\"stm-title stm-font_color_lilac stm-title_sep_bottom\" style=\"text-align:left\">\n\nMaths with NUMICON\n<\/h2>\n\n\t<div class=\"wpb_text_column wpb_content_element\" >\n\t\t<div class=\"wpb_wrapper\">\n\t\t\t<p>Matematikos mokome naudodami NUMICON metodik\u0105, kuri padeda suprasti skai\u010dius bei aritmetinius veiksmus per poj\u016b\u010dius. Svarb\u0173 vaidmen\u012f \u010dia atlieka Numicon priemon\u0117s, kurias taikant \u012ftraukiamos visos vaiko proto galios: lyt\u0117jimas, vizualizacija, manipuliacija, vaizduot\u0117, pastabumas pasikartojimams, d\u0117sningumams ir visumai, loginis m\u0105stymas, praktika. Su specialiomis kalad\u0117l\u0117mis vaikai stato \u012fvairias konstrukcijas, d\u0117lioja mozaikas, lipdo i\u0161 plastilino bei naudoja \u012fvairias kitas papildomas k\u016brybines med\u017eiagas ir taip suvokia matematikos \u201epaslaptis\u201c. Itin didel\u0117s galimyb\u0117s sensoriniam lavinimui leid\u017eia pl\u0117toti ir turtinti vaiko jutimin\u0119 patirt\u012f. Tai rei\u0161kia, kad \u0161i sistema ypa\u010d pasitarnauja de\u0161iniajam ir kairiajam smegen\u0173 pusrutuliams. Vadinasi, galima vienu metu ir racionaliai, ir k\u016brybi\u0161kai m\u0105styti. Atsisakius tradicini\u0173 mokymo metod\u0173, pagaliau matematika \u012fgauna prasm\u0119, tampa lengvai prieinama ir labai naudinga.<\/p>\n\n\t\t<\/div>\n\t<\/div>\n<\/div><\/div><\/div><\/div><div class=\"vc_row wpb_row vc_row-fluid\"><div class=\"wpb_column vc_column_container vc_col-sm-6\"><div class=\"vc_column-inner\"><div class=\"wpb_wrapper\"><h2 class=\"stm-title stm-font_color_lilac stm-title_sep_bottom\" style=\"text-align:left\">\n\nEmotions with Kimochis\n<\/h2>\n\n\t<div class=\"wpb_text_column wpb_content_element\" >\n\t\t<div class=\"wpb_wrapper\">\n\t\t\t<p>We grow emotions with Kimochis. \u201cKimochi\u201d in Japanese means \u201cfeeling\u201d. The philosophy of Kimochis states that every child can learn to be respectful, responsible, resilient, compassionate, kind and courageous. It is a simple and effective educational program where fun, engaging activities help children gain self-confidence, understand their feelings and learn to deal with social-emotional situations. Social-emotional education classes are organized in every age group.<\/p>\n<p>Kimochis are dolls with different personalities:  moody Cloud, shy Caterpillar, domineering Cat, constantly anxious Lovey Dove, and  mischievous Huggtopus.<\/p>\n\n\t\t<\/div>\n\t<\/div>\n<\/div><\/div><\/div><div class=\"wpb_column vc_column_container vc_col-sm-6\"><div class=\"vc_column-inner\"><div class=\"wpb_wrapper\">\n\t<div  class=\"wpb_single_image wpb_content_element vc_align_left wpb_content_element\">\n\t\t\n\t\t<figure class=\"wpb_wrapper vc_figure\">\n\t\t\t<div class=\"vc_single_image-wrapper   vc_box_border_grey\"><img loading=\"lazy\" decoding=\"async\" width=\"960\" height=\"720\" src=\"https:\/\/muzikalusdarzelis.lt\/wp-content\/uploads\/2025\/11\/jausmai3.jpg\" class=\"vc_single_image-img attachment-full\" alt=\"\" title=\"jausmai3\" srcset=\"https:\/\/muzikalusdarzelis.lt\/wp-content\/uploads\/2025\/11\/jausmai3.jpg 960w, https:\/\/muzikalusdarzelis.lt\/wp-content\/uploads\/2025\/11\/jausmai3-300x225.jpg 300w, https:\/\/muzikalusdarzelis.lt\/wp-content\/uploads\/2025\/11\/jausmai3-768x576.jpg 768w, https:\/\/muzikalusdarzelis.lt\/wp-content\/uploads\/2025\/11\/jausmai3-16x12.jpg 16w\" sizes=\"auto, (max-width: 960px) 100vw, 960px\" \/><\/div>\n\t\t<\/figure>\n\t<\/div>\n<\/div><\/div><\/div><\/div><div class=\"vc_row wpb_row vc_row-fluid\"><div class=\"wpb_column vc_column_container vc_col-sm-6\"><div class=\"vc_column-inner\"><div class=\"wpb_wrapper\"><div class=\"wpb_gallery wpb_content_element vc_clearfix wpb_content_element\" ><div class=\"wpb_wrapper\"><div class=\"wpb_gallery_slides wpb_flexslider flexslider_fade flexslider\" data-interval=\"3\" data-flex_fx=\"fade\"><ul class=\"slides\"><li><a class=\"\" href=\"https:\/\/muzikalusdarzelis.lt\/wp-content\/uploads\/2025\/11\/menas_lauke.jpg\" data-lightbox=\"lightbox[rel-21-1277004793]\"><img loading=\"lazy\" decoding=\"async\" width=\"720\" height=\"960\" src=\"https:\/\/muzikalusdarzelis.lt\/wp-content\/uploads\/2025\/11\/menas_lauke.jpg\" class=\"attachment-full\" alt=\"\" title=\"menas_lauke\" srcset=\"https:\/\/muzikalusdarzelis.lt\/wp-content\/uploads\/2025\/11\/menas_lauke.jpg 720w, https:\/\/muzikalusdarzelis.lt\/wp-content\/uploads\/2025\/11\/menas_lauke-225x300.jpg 225w, https:\/\/muzikalusdarzelis.lt\/wp-content\/uploads\/2025\/11\/menas_lauke-9x12.jpg 9w\" sizes=\"auto, (max-width: 720px) 100vw, 720px\" \/><\/a><\/li><li><a class=\"\" href=\"https:\/\/muzikalusdarzelis.lt\/wp-content\/uploads\/2024\/05\/tori.jpg\" data-lightbox=\"lightbox[rel-21-1277004793]\"><img loading=\"lazy\" decoding=\"async\" width=\"736\" height=\"1000\" src=\"https:\/\/muzikalusdarzelis.lt\/wp-content\/uploads\/2024\/05\/tori.jpg\" class=\"attachment-full\" alt=\"\" title=\"tori\" srcset=\"https:\/\/muzikalusdarzelis.lt\/wp-content\/uploads\/2024\/05\/tori.jpg 736w, https:\/\/muzikalusdarzelis.lt\/wp-content\/uploads\/2024\/05\/tori-221x300.jpg 221w, https:\/\/muzikalusdarzelis.lt\/wp-content\/uploads\/2024\/05\/tori-9x12.jpg 9w\" sizes=\"auto, (max-width: 736px) 100vw, 736px\" \/><\/a><\/li><li><a class=\"\" href=\"https:\/\/muzikalusdarzelis.lt\/wp-content\/uploads\/2024\/04\/IMG_20240429_130242_096-1024x768.webp\" data-lightbox=\"lightbox[rel-21-1277004793]\"><img loading=\"lazy\" decoding=\"async\" width=\"1440\" height=\"1080\" src=\"https:\/\/muzikalusdarzelis.lt\/wp-content\/uploads\/2024\/04\/IMG_20240429_130242_096.webp\" class=\"attachment-full\" alt=\"\" title=\"IMG_20240429_130242_096\" srcset=\"https:\/\/muzikalusdarzelis.lt\/wp-content\/uploads\/2024\/04\/IMG_20240429_130242_096.webp 1440w, https:\/\/muzikalusdarzelis.lt\/wp-content\/uploads\/2024\/04\/IMG_20240429_130242_096-300x225.webp 300w, https:\/\/muzikalusdarzelis.lt\/wp-content\/uploads\/2024\/04\/IMG_20240429_130242_096-1024x768.webp 1024w, https:\/\/muzikalusdarzelis.lt\/wp-content\/uploads\/2024\/04\/IMG_20240429_130242_096-768x576.webp 768w, https:\/\/muzikalusdarzelis.lt\/wp-content\/uploads\/2024\/04\/IMG_20240429_130242_096-16x12.webp 16w\" sizes=\"auto, (max-width: 1440px) 100vw, 1440px\" \/><\/a><\/li><\/ul><\/div><\/div><\/div><\/div><\/div><\/div><div class=\"wpb_column vc_column_container vc_col-sm-6\"><div class=\"vc_column-inner\"><div class=\"wpb_wrapper\"><h2 class=\"stm-title stm-font_color_lilac stm-title_sep_bottom\" style=\"text-align:left\">\n\nSurrounded by nature\n<\/h2>\n\n\t<div class=\"wpb_text_column wpb_content_element\" >\n\t\t<div class=\"wpb_wrapper\">\n\t\t\t<p>Our kindergarten is located in a green, beautiful part of Vilnius, surrounded by forests, next to a river. We have a spacious yard, outdoor garden beds, where we grow berries and vegetables with our children in  summer. When the weather permits, we study outdoors, often go on hikes, have picnics, explore and get to know our environment. In our yard, rabbits live in a house, children learn to take care of them, bring them vegetables and grass left over from lunch. The turtle Tori also lives in the kindergarten building. Growing up with animals, children develop responsibility, gentleness and respect for nature and animals.<\/p>\n\n\t\t<\/div>\n\t<\/div>\n<\/div><\/div><\/div><\/div><div class=\"vc_row wpb_row vc_row-fluid\"><div class=\"wpb_column vc_column_container vc_col-sm-12\"><div class=\"vc_column-inner\"><div class=\"wpb_wrapper\"><\/div><\/div><\/div><\/div>\n<\/div>","protected":false},"excerpt":{"rendered":"Apie mus Muzikos galia! \u201cM-studija\u201d, privatus dvikalbis dar\u017eelis, gim\u0117 i\u0161 \u201cKindermusik\u201d ankstyvojo ugdymo programos. M raid\u0117 rei\u0161kia muzik\u0105, o studija \u2013 jauki\u0105 nam\u0173 aplink\u0105 su draugi\u0161ko mokymosi ir augimo s\u0105lygomis vaikui. \u010cia vaikai auga ir mokosi su muzika ir judesiu. \u0160vietimo tyrim\u0173 ir j\u0173 atrasto teigiamo muzikos poveikio vaiko raidai yra i\u0161ties daug, o j\u0173 [...]","protected":false},"author":1,"featured_media":0,"parent":0,"menu_order":0,"comment_status":"closed","ping_status":"closed","template":"","meta":{"om_disable_all_campaigns":false,"_uf_show_specific_survey":0,"_uf_disable_surveys":false,"footnotes":""},"class_list":["post-21","page","type-page","status-publish","hentry"],"aioseo_notices":[],"_links":{"self":[{"href":"https:\/\/muzikalusdarzelis.lt\/en\/wp-json\/wp\/v2\/pages\/21","targetHints":{"allow":["GET"]}}],"collection":[{"href":"https:\/\/muzikalusdarzelis.lt\/en\/wp-json\/wp\/v2\/pages"}],"about":[{"href":"https:\/\/muzikalusdarzelis.lt\/en\/wp-json\/wp\/v2\/types\/page"}],"author":[{"embeddable":true,"href":"https:\/\/muzikalusdarzelis.lt\/en\/wp-json\/wp\/v2\/users\/1"}],"replies":[{"embeddable":true,"href":"https:\/\/muzikalusdarzelis.lt\/en\/wp-json\/wp\/v2\/comments?post=21"}],"version-history":[{"count":36,"href":"https:\/\/muzikalusdarzelis.lt\/en\/wp-json\/wp\/v2\/pages\/21\/revisions"}],"predecessor-version":[{"id":14524,"href":"https:\/\/muzikalusdarzelis.lt\/en\/wp-json\/wp\/v2\/pages\/21\/revisions\/14524"}],"wp:attachment":[{"href":"https:\/\/muzikalusdarzelis.lt\/en\/wp-json\/wp\/v2\/media?parent=21"}],"curies":[{"name":"wp","href":"https:\/\/api.w.org\/{rel}","templated":true}]}}