{"id":2441,"date":"2016-02-18T07:37:48","date_gmt":"2016-02-18T07:37:48","guid":{"rendered":"http:\/\/smartyschool.stylemixthemes.com\/?page_id=2441"},"modified":"2024-04-09T08:07:02","modified_gmt":"2024-04-09T08:07:02","slug":"kainos","status":"publish","type":"page","link":"https:\/\/muzikalusdarzelis.lt\/en\/kainos\/","title":{"rendered":"Prices"},"content":{"rendered":"<div class=\"wpb-content-wrapper\"><div class=\"vc_row wpb_row vc_row-fluid vc_custom_1685530526141\"><div class=\"wpb_column vc_column_container vc_col-sm-12\"><div class=\"vc_column-inner\"><div class=\"wpb_wrapper\"><h1 class=\"stm-title stm-font_color_lilac stm-title_sep_bottom\" style=\"text-align:center;margin-bottom:30px\">\n\nPrices\n<\/h1>\n<\/div><\/div><\/div><\/div><div class=\"vc_row wpb_row vc_row-fluid\"><div class=\"wpb_column vc_column_container vc_col-sm-4\"><div class=\"vc_column-inner\"><div class=\"wpb_wrapper\"><div class=\"stm-icon-box stm-icon-box_ic-pos_top stm-icon-box_style-1\" style=\"text-align:center\">\n            <div class=\"stm-icon-box__ic-container\">\n            <span class=\"stm-icon stm-icon-bricks2 stm-font_color_pink\" style=\"font-size:80x80\"><\/span>\n        <\/div>\n\t  \n\t\t<div class=\"stm-icon-box__content\">\n\t    \t    \t        <div class=\"stm-icon-box__title stm-font_color_dark-gray\" >Preschool<\/div>\n\t    \t\t\t\t\t    <div class=\"stm-icon-box__sep\">\n\t\t        <hr class=\"stm-icon-box__sep-line stm-border_color_pink\" >\n\t\t    <\/div>\n\t\t\t\t    \t        <div class=\"stm-icon-box__descr stm-font_color_lilac\" style=\"font-size:22px\">Full day (from 8:00am - 6:30 pm, on Fridays till 6 pm)<br \/>\nMonthly fee = 450 EUR (*with Vilnius municipality compensation)<\/div>\n\t    \t\t\t\t\t<\/div>\n\t<\/div>\n\n\n\n\n<\/div><\/div><\/div><div class=\"wpb_column vc_column_container vc_col-sm-4\"><div class=\"vc_column-inner\"><div class=\"wpb_wrapper\"><div class=\"stm-icon-box stm-icon-box_ic-pos_top stm-icon-box_style-1\" style=\"text-align:center\">\n            <div class=\"stm-icon-box__ic-container\">\n            <span class=\"stm-icon stm-icon-big_bear stm-font_color_pink\" style=\"font-size:80x80\"><\/span>\n        <\/div>\n\t  \n\t\t<div class=\"stm-icon-box__content\">\n\t    \t    \t        <div class=\"stm-icon-box__title stm-font_color_dark-gray\" >Enrollment fee<\/div>\n\t    \t\t\t\t\t    <div class=\"stm-icon-box__sep\">\n\t\t        <hr class=\"stm-icon-box__sep-line stm-border_color_pink\" >\n\t\t    <\/div>\n\t\t\t\t    \t        <div class=\"stm-icon-box__descr stm-font_color_lilac\" style=\"font-size:22px\">Enrollment fee: 400\u00a0EUR<\/div>\n\t    \t\t\t\t\t<\/div>\n\t<\/div>\n\n\n\n\n<\/div><\/div><\/div><div class=\"wpb_column vc_column_container vc_col-sm-4\"><div class=\"vc_column-inner\"><div class=\"wpb_wrapper\"><div class=\"stm-icon-box stm-icon-box_ic-pos_top stm-icon-box_style-1\" style=\"text-align:center\">\n            <div class=\"stm-icon-box__ic-container\">\n            <span class=\"stm-icon stm-icon-jam stm-font_color_pink\" style=\"font-size:80x80\"><\/span>\n        <\/div>\n\t  \n\t\t<div class=\"stm-icon-box__content\">\n\t    \t    \t        <div class=\"stm-icon-box__title stm-font_color_dark-gray\" >Food<\/div>\n\t    \t\t\t\t\t    <div class=\"stm-icon-box__sep\">\n\t\t        <hr class=\"stm-icon-box__sep-line stm-border_color_pink\" >\n\t\t    <\/div>\n\t\t\t\t    \t        <div class=\"stm-icon-box__descr stm-font_color_lilac\" style=\"font-size:22px\">Our kindergarten offers organic, quality food grown by local farmers.\nThe fee for meals is EUR 8.90 per day for breakfast - EUR 1,60, lunch - EUR 5.00 and dinner - EUR 2.30. The price of meals for children with allergies is plus 20 percent. The fee is calculated at the end of the month according to the days attended by the child.<\/div>\n\t    \t\t\t\t\t<\/div>\n\t<\/div>\n\n\n\n\n<\/div><\/div><\/div><\/div>\n<\/div>","protected":false},"excerpt":{"rendered":"Kainos Dar\u017eelis Pilnos dienos dar\u017eelis (8.00-18:30, penktadieniais iki 18:00) M\u0117nesio mokestis = 550 EUR (savivaldyb\u0117s kompensacija \u2013 120 EUR) Stojimo mokestis 400 Eur mokestis yra vienkartinis ir negr\u0105\u017einamas. Maitinimas M\u016bs\u0173 dar\u017eelis si\u016blo ekologi\u0161k\u0105 maist\u0105. Maitinimas gali b\u016bti pritaikomas alergi\u0161kiems vaikams (be glitimo, laktoz\u0117s ar kit\u0173 produkt\u0173). Kaina vienam vaikui nuo 2024 m. rugs\u0117jo 1 d. [...]","protected":false},"author":1,"featured_media":0,"parent":0,"menu_order":0,"comment_status":"closed","ping_status":"closed","template":"","meta":{"om_disable_all_campaigns":false,"_uf_show_specific_survey":0,"_uf_disable_surveys":false,"footnotes":""},"class_list":["post-2441","page","type-page","status-publish","hentry"],"aioseo_notices":[],"_links":{"self":[{"href":"https:\/\/muzikalusdarzelis.lt\/en\/wp-json\/wp\/v2\/pages\/2441","targetHints":{"allow":["GET"]}}],"collection":[{"href":"https:\/\/muzikalusdarzelis.lt\/en\/wp-json\/wp\/v2\/pages"}],"about":[{"href":"https:\/\/muzikalusdarzelis.lt\/en\/wp-json\/wp\/v2\/types\/page"}],"author":[{"embeddable":true,"href":"https:\/\/muzikalusdarzelis.lt\/en\/wp-json\/wp\/v2\/users\/1"}],"replies":[{"embeddable":true,"href":"https:\/\/muzikalusdarzelis.lt\/en\/wp-json\/wp\/v2\/comments?post=2441"}],"version-history":[{"count":5,"href":"https:\/\/muzikalusdarzelis.lt\/en\/wp-json\/wp\/v2\/pages\/2441\/revisions"}],"predecessor-version":[{"id":5059,"href":"https:\/\/muzikalusdarzelis.lt\/en\/wp-json\/wp\/v2\/pages\/2441\/revisions\/5059"}],"wp:attachment":[{"href":"https:\/\/muzikalusdarzelis.lt\/en\/wp-json\/wp\/v2\/media?parent=2441"}],"curies":[{"name":"wp","href":"https:\/\/api.w.org\/{rel}","templated":true}]}}