{"id":4330,"date":"2016-10-03T07:47:16","date_gmt":"2016-10-03T07:47:16","guid":{"rendered":"http:\/\/smartyschool.stylemixthemes.com\/?page_id=4330"},"modified":"2024-04-04T07:33:30","modified_gmt":"2024-04-04T07:33:30","slug":"darzelio-grupes","status":"publish","type":"page","link":"https:\/\/muzikalusdarzelis.lt\/en\/darzelio-grupes\/","title":{"rendered":"Groups of preschool"},"content":{"rendered":"<div class=\"wpb-content-wrapper\"><div class=\"vc_row wpb_row vc_row-fluid\"><div class=\"wpb_column vc_column_container vc_col-sm-12\"><div class=\"vc_column-inner\"><div class=\"wpb_wrapper\"><h1 class=\"stm-title stm-font_color_lilac stm-title_sep_bottom\" style=\"text-align:center\">\n\nGroups of preschool\n<\/h1>\n<\/div><\/div><\/div><\/div><div data-vc-full-width=\"true\" data-vc-full-width-init=\"false\" class=\"vc_row wpb_row vc_row-fluid vc_custom_1476169414986 vc_row-has-fill\"><div class=\"wpb_column vc_column_container vc_col-sm-12\"><div class=\"vc_column-inner\"><div class=\"wpb_wrapper\">\n\n\n    <div class=\"stm-icon-box stm-icon-box_ic-pos_left stm-icon-box_style-5\" style=\"text-align:left\">\n                    <div class=\"stm-icon-box__image\">\n                <img loading=\"lazy\" decoding=\"async\" width=\"750\" height=\"404\" src=\"https:\/\/muzikalusdarzelis.lt\/wp-content\/uploads\/2023\/05\/2-1.jpg\" class=\"attachment-full size-full\" alt=\"\" srcset=\"https:\/\/muzikalusdarzelis.lt\/wp-content\/uploads\/2023\/05\/2-1.jpg 750w, https:\/\/muzikalusdarzelis.lt\/wp-content\/uploads\/2023\/05\/2-1-300x162.jpg 300w\" sizes=\"auto, (max-width: 750px) 100vw, 750px\" \/>            <\/div>\n                <div class=\"stm-icon-box__content\">\n                                                <div class=\"stm-icon-box__ic-container\" style=\"font-size:63px;color:#62abf5\">\n                        <span class=\"stm-icon stm-icon-pyramid\" style=\"font-size:63px;color:#62abf5\"><\/span>\n                    <\/div>\n                            \n                            <div class=\"stm-icon-box__title\" style=\"color:#62abf5\">\"Sing and Play\" 1,5-3 years old group<\/div>\n            \n            \n                            <div class=\"stm-icon-box__descr\" style=\"margin-top:18px;color:#595959\">It's an active and fun program which provides a holistic development of the child. Children are exposed to a variety of innovation, which helps to encourage self-awareness, language development, body coordination through free movement and dance. The processes of touching, observing, exploring, finding out, understanding and trying are of vital importance to our little ones. During the classes, your child will experience new impressions and together with her peers will independently start walking, talking, dancing, stamping her feet, clapping her hands, playing music and games, experimenting, and singing.<\/p>\n<p>A lot of attention is placed on the child's development through the sense organs (sight, hearing, smell, taste, touch, sense of balance, muscle sense organs).<\/div>\n                    <\/div>\n            <\/div>\n\n\n\n\n    <div class=\"stm-icon-box stm-icon-box_ic-pos_left stm-icon-box_style-5\" style=\"text-align:left\">\n                    <div class=\"stm-icon-box__image\">\n                <img loading=\"lazy\" decoding=\"async\" width=\"500\" height=\"360\" src=\"https:\/\/muzikalusdarzelis.lt\/wp-content\/uploads\/2023\/05\/3.jpg\" class=\"attachment-full size-full\" alt=\"\" srcset=\"https:\/\/muzikalusdarzelis.lt\/wp-content\/uploads\/2023\/05\/3.jpg 500w, https:\/\/muzikalusdarzelis.lt\/wp-content\/uploads\/2023\/05\/3-300x216.jpg 300w\" sizes=\"auto, (max-width: 500px) 100vw, 500px\" \/>            <\/div>\n                <div class=\"stm-icon-box__content\">\n                                                <div class=\"stm-icon-box__ic-container\" style=\"font-size:70px;margin-top:-4px;color:#bd66ff\">\n                        <span class=\"stm-icon stm-icon-big_bear\" style=\"font-size:70px;margin-top:-4px;color:#bd66ff\"><\/span>\n                    <\/div>\n                            \n                            <div class=\"stm-icon-box__title\" style=\"color:#bd66ff\">\"Wiggle and Grow\"  3-4 year old group<\/div>\n            \n            \n                            <div class=\"stm-icon-box__descr\" style=\"margin-top:18px;color:#595959\">The program focuses on the joy of the young child's growth; with the help of music, the children also experience the satisfaction of their movement and curiosity needs. Children learn to observe, repeat, share, listen, and make friends. Kids do enjoy socializing; however, they don't find sharing an easy process. The classes provide a lot of activities for the development of fine and gross motor skills (involving the whole body or the parts of it). According to scientists, fine motor activities contribute to the activation of the cortex, which develops the child's language, hearing, sight and attention. Through movement, children interact with the surrounding environment. Movement is closely related to the development of comprehension and feelings and is an integral component of cognitive, communicative and social skills, play, activity and self-regulation.<\/div>\n                    <\/div>\n            <\/div>\n\n\n\n\n    <div class=\"stm-icon-box stm-icon-box_ic-pos_left stm-icon-box_style-5\" style=\"text-align:left\">\n                    <div class=\"stm-icon-box__image\">\n                <img loading=\"lazy\" decoding=\"async\" width=\"593\" height=\"353\" src=\"https:\/\/muzikalusdarzelis.lt\/wp-content\/uploads\/2023\/05\/laughlearn_rainbowLogo.jpg\" class=\"attachment-full size-full\" alt=\"\" srcset=\"https:\/\/muzikalusdarzelis.lt\/wp-content\/uploads\/2023\/05\/laughlearn_rainbowLogo.jpg 593w, https:\/\/muzikalusdarzelis.lt\/wp-content\/uploads\/2023\/05\/laughlearn_rainbowLogo-300x179.jpg 300w\" sizes=\"auto, (max-width: 593px) 100vw, 593px\" \/>            <\/div>\n                <div class=\"stm-icon-box__content\">\n                                                <div class=\"stm-icon-box__ic-container\" style=\"font-size:50px;margin-top:7px;color:#ff6682\">\n                        <span class=\"stm-icon stm-icon-car\" style=\"font-size:50px;margin-top:7px;color:#ff6682\"><\/span>\n                    <\/div>\n                            \n                            <div class=\"stm-icon-box__title\" style=\"color:#ff6682\">\"Laugh and Learn\", 5-6 years old group<\/div>\n            \n            \n                            <div class=\"stm-icon-box__descr\" style=\"margin-top:18px;color:#595959\">This program is focusing on enjoying of the young child\u2019s growth. The main goal is to prepare children to their first experiences with reading and counting in a fun way while they are not ready for formal\/traditional lessons. We still use lots of movement and free play to help them understand their growth and body: to prepare for school. There are small-group classes where children can develop skills while learning in two languages, learning the concepts of environment, math  with Numicon, music, art, knowledge of the world, yoga, pottery, meditation, individual piano classes, ukulele classes.<\/div>\n                    <\/div>\n            <\/div>\n\n<\/div><\/div><\/div><\/div><div class=\"vc_row-full-width vc_clearfix\"><\/div>\n<\/div>","protected":false},"excerpt":{"rendered":"Dar\u017eelio grup\u0117s \u201eSing and Play\u201c, 1,5-3 met\u0173 vaik\u0173 grup\u0117 \u0160i energinga ir d\u017eiaugsminga programa apima visapusi\u0161k\u0105 vaiko vystym\u0105si. Vaikai per laisv\u0105 judes\u012f ir \u0161ok\u012f patiria daug \u012fsp\u016bd\u017ei\u0173 ir tokiu b\u016bdu lengviau mokosi nauj\u0173 dalyk\u0173. Muzikos ir judesio draugyst\u0117 padeda skatinti supratim\u0105 apie save, lavina kalb\u0105, koordinacij\u0105. Ma\u017eiems vaikams labai svarbu liesti, steb\u0117ti, tyrin\u0117ti, i\u0161siai\u0161kinti, suprasti [...]","protected":false},"author":1,"featured_media":0,"parent":0,"menu_order":0,"comment_status":"closed","ping_status":"closed","template":"","meta":{"om_disable_all_campaigns":false,"_uf_show_specific_survey":0,"_uf_disable_surveys":false,"footnotes":""},"class_list":["post-4330","page","type-page","status-publish","hentry"],"aioseo_notices":[],"_links":{"self":[{"href":"https:\/\/muzikalusdarzelis.lt\/en\/wp-json\/wp\/v2\/pages\/4330","targetHints":{"allow":["GET"]}}],"collection":[{"href":"https:\/\/muzikalusdarzelis.lt\/en\/wp-json\/wp\/v2\/pages"}],"about":[{"href":"https:\/\/muzikalusdarzelis.lt\/en\/wp-json\/wp\/v2\/types\/page"}],"author":[{"embeddable":true,"href":"https:\/\/muzikalusdarzelis.lt\/en\/wp-json\/wp\/v2\/users\/1"}],"replies":[{"embeddable":true,"href":"https:\/\/muzikalusdarzelis.lt\/en\/wp-json\/wp\/v2\/comments?post=4330"}],"version-history":[{"count":14,"href":"https:\/\/muzikalusdarzelis.lt\/en\/wp-json\/wp\/v2\/pages\/4330\/revisions"}],"predecessor-version":[{"id":5057,"href":"https:\/\/muzikalusdarzelis.lt\/en\/wp-json\/wp\/v2\/pages\/4330\/revisions\/5057"}],"wp:attachment":[{"href":"https:\/\/muzikalusdarzelis.lt\/en\/wp-json\/wp\/v2\/media?parent=4330"}],"curies":[{"name":"wp","href":"https:\/\/api.w.org\/{rel}","templated":true}]}}