{"id":533,"date":"2015-12-30T10:24:13","date_gmt":"2015-12-30T10:24:13","guid":{"rendered":"http:\/\/smartyschool.stylemixthemes.com\/?page_id=533"},"modified":"2025-10-31T12:00:59","modified_gmt":"2025-10-31T12:00:59","slug":"mokytojos","status":"publish","type":"page","link":"https:\/\/muzikalusdarzelis.lt\/en\/mokytojos\/","title":{"rendered":"Teachers"},"content":{"rendered":"<div class=\"wpb-content-wrapper\"><div class=\"vc_row wpb_row vc_row-fluid\"><div class=\"wpb_column vc_column_container vc_col-sm-6\"><div class=\"vc_column-inner\"><div class=\"wpb_wrapper\">\n<div class=\"stm-single-image-wrapper  stm-single-image_left\">\n\t\t<div class=\"stm-single-image\"><img loading=\"lazy\" decoding=\"async\" width=\"2000\" height=\"1500\" src=\"https:\/\/muzikalusdarzelis.lt\/wp-content\/uploads\/2025\/10\/darzelis2025.jpg\" class=\"attachment-full\" alt=\"\" title=\"darzelis2025\" srcset=\"https:\/\/muzikalusdarzelis.lt\/wp-content\/uploads\/2025\/10\/darzelis2025.jpg 2000w, https:\/\/muzikalusdarzelis.lt\/wp-content\/uploads\/2025\/10\/darzelis2025-300x225.jpg 300w, https:\/\/muzikalusdarzelis.lt\/wp-content\/uploads\/2025\/10\/darzelis2025-1024x768.jpg 1024w, https:\/\/muzikalusdarzelis.lt\/wp-content\/uploads\/2025\/10\/darzelis2025-768x576.jpg 768w, https:\/\/muzikalusdarzelis.lt\/wp-content\/uploads\/2025\/10\/darzelis2025-1536x1152.jpg 1536w, https:\/\/muzikalusdarzelis.lt\/wp-content\/uploads\/2025\/10\/darzelis2025-16x12.jpg 16w\" sizes=\"auto, (max-width: 2000px) 100vw, 2000px\" \/><\/div>\n<\/div>\n<\/div><\/div><\/div><div class=\"wpb_column vc_column_container vc_col-sm-6\"><div class=\"vc_column-inner\"><div class=\"wpb_wrapper\"><h1 class=\"stm-title stm-font_color_lilac stm-title_sep_bottom\" style=\"text-align:left;margin-bottom:28px\">\n\nTeachers\n<\/h1>\n<\/div><\/div><\/div><\/div><div data-vc-full-width=\"true\" data-vc-full-width-init=\"false\" class=\"vc_row wpb_row vc_row-fluid vc_custom_1475229825531 vc_row-has-fill\"><div class=\"wpb_column vc_column_container vc_col-sm-12\"><div class=\"vc_column-inner\"><div class=\"wpb_wrapper\">\n<div class=\"stm-teachers\">\n            <div class=\"row\">\n                        <div class=\"stm-teacher stm-teacher_view_grid-item col-lg-3 col-md-3 col-sm-6 col-xs-12\">\n                                                    <div class=\"stm-teacher__photo\">\n                    <a href=\"https:\/\/muzikalusdarzelis.lt\/en\/teachers\/ivona-rogoza\/\"><img decoding=\"async\" class=\"\" src=\"https:\/\/muzikalusdarzelis.lt\/wp-content\/uploads\/2025\/10\/Ivona-320x320.jpg\" width=\"320\" height=\"320\" alt=\"Ivona\" title=\"Ivona\" loading=\"lazy\" \/><\/a>\n                <\/div>\n                                <div class=\"stm-teacher__info\">\n                    <div class=\"stm-teacher__info-content\">\n                        <div class=\"stm-teacher__name\"><a href=\"https:\/\/muzikalusdarzelis.lt\/en\/teachers\/ivona-rogoza\/\">Ivona Rogo\u017ea<\/a><\/div>\n                                                <div class=\"stm-teacher__socials\">\n                                                        <ul class=\"socials-list socials-list_type_teacher\">\n                                                                                                                                                                                                                                                                                                                                                                                                                <\/ul>\n                        <\/div>\n                    <\/div>\n                <\/div>\n            <\/div>\n                        <div class=\"stm-teacher stm-teacher_view_grid-item col-lg-3 col-md-3 col-sm-6 col-xs-12\">\n                                                    <div class=\"stm-teacher__photo\">\n                    <a href=\"https:\/\/muzikalusdarzelis.lt\/en\/teachers\/liga-tite-petrauske\/\"><img decoding=\"async\" class=\"\" src=\"https:\/\/muzikalusdarzelis.lt\/wp-content\/uploads\/2015\/12\/LigaandLinasfamily-88-scaled-320x320.jpg\" width=\"320\" height=\"320\" alt=\"LigaandLinasfamily-88\" title=\"LigaandLinasfamily-88\" loading=\"lazy\" \/><\/a>\n                <\/div>\n                                <div class=\"stm-teacher__info\">\n                    <div class=\"stm-teacher__info-content\">\n                        <div class=\"stm-teacher__name\"><a href=\"https:\/\/muzikalusdarzelis.lt\/en\/teachers\/liga-tite-petrauske\/\">L\u012bga T\u012bte \u2013 Petrausk\u0117<\/a><\/div>\n                                                    <div class=\"stm-teacher__position\">Founder of M-studio<\/div>\n                                                <div class=\"stm-teacher__socials\">\n                                                        <ul class=\"socials-list socials-list_type_teacher\">\n                                                                                                                                                                                                                                                                                                                                                                                                                <\/ul>\n                        <\/div>\n                    <\/div>\n                <\/div>\n            <\/div>\n                        <div class=\"stm-teacher stm-teacher_view_grid-item col-lg-3 col-md-3 col-sm-6 col-xs-12\">\n                                                    <div class=\"stm-teacher__photo\">\n                    <a href=\"https:\/\/muzikalusdarzelis.lt\/en\/teachers\/beata-judzente\/\"><img decoding=\"async\" class=\"\" src=\"https:\/\/muzikalusdarzelis.lt\/wp-content\/uploads\/2015\/12\/Beata-320x281.jpg\" width=\"320\" height=\"281\" alt=\"Beata\" title=\"Beata\" loading=\"lazy\" \/><\/a>\n                <\/div>\n                                <div class=\"stm-teacher__info\">\n                    <div class=\"stm-teacher__info-content\">\n                        <div class=\"stm-teacher__name\"><a href=\"https:\/\/muzikalusdarzelis.lt\/en\/teachers\/beata-judzente\/\">Beata Jara\u0161\u016bn\u0117<\/a><\/div>\n                                                    <div class=\"stm-teacher__position\">Teacher<\/div>\n                                                <div class=\"stm-teacher__socials\">\n                                                        <ul class=\"socials-list socials-list_type_teacher\">\n                                                                                                                                                                                                                                                                                                                                                                                                                <\/ul>\n                        <\/div>\n                    <\/div>\n                <\/div>\n            <\/div>\n                        <div class=\"stm-teacher stm-teacher_view_grid-item col-lg-3 col-md-3 col-sm-6 col-xs-12\">\n                                                    <div class=\"stm-teacher__photo\">\n                    <a href=\"https:\/\/muzikalusdarzelis.lt\/en\/teachers\/ineta-plokstiene\/\"><img decoding=\"async\" class=\"\" src=\"https:\/\/muzikalusdarzelis.lt\/wp-content\/uploads\/2015\/12\/ineta-scaled-320x320.jpg\" width=\"320\" height=\"320\" alt=\"ineta\" title=\"ineta\" loading=\"lazy\" \/><\/a>\n                <\/div>\n                                <div class=\"stm-teacher__info\">\n                    <div class=\"stm-teacher__info-content\">\n                        <div class=\"stm-teacher__name\"><a href=\"https:\/\/muzikalusdarzelis.lt\/en\/teachers\/ineta-plokstiene\/\">Ineta Plok\u0161tien\u0117<\/a><\/div>\n                                                    <div class=\"stm-teacher__position\">Teacher<\/div>\n                                                <div class=\"stm-teacher__socials\">\n                                                        <ul class=\"socials-list socials-list_type_teacher\">\n                                                                                                                                                                                                                                                                                                                                                                                                                <\/ul>\n                        <\/div>\n                    <\/div>\n                <\/div>\n            <\/div>\n                                <\/div>\n    <\/div>\n\n\n<\/div><\/div><\/div><\/div><div class=\"vc_row-full-width vc_clearfix\"><\/div>\n<\/div>","protected":false},"excerpt":{"rendered":"Ineta Plok\u0161tien\u0117","protected":false},"author":1,"featured_media":0,"parent":0,"menu_order":0,"comment_status":"closed","ping_status":"closed","template":"","meta":{"om_disable_all_campaigns":false,"_uf_show_specific_survey":0,"_uf_disable_surveys":false,"footnotes":""},"class_list":["post-533","page","type-page","status-publish","hentry"],"aioseo_notices":[],"_links":{"self":[{"href":"https:\/\/muzikalusdarzelis.lt\/en\/wp-json\/wp\/v2\/pages\/533","targetHints":{"allow":["GET"]}}],"collection":[{"href":"https:\/\/muzikalusdarzelis.lt\/en\/wp-json\/wp\/v2\/pages"}],"about":[{"href":"https:\/\/muzikalusdarzelis.lt\/en\/wp-json\/wp\/v2\/types\/page"}],"author":[{"embeddable":true,"href":"https:\/\/muzikalusdarzelis.lt\/en\/wp-json\/wp\/v2\/users\/1"}],"replies":[{"embeddable":true,"href":"https:\/\/muzikalusdarzelis.lt\/en\/wp-json\/wp\/v2\/comments?post=533"}],"version-history":[{"count":12,"href":"https:\/\/muzikalusdarzelis.lt\/en\/wp-json\/wp\/v2\/pages\/533\/revisions"}],"predecessor-version":[{"id":14486,"href":"https:\/\/muzikalusdarzelis.lt\/en\/wp-json\/wp\/v2\/pages\/533\/revisions\/14486"}],"wp:attachment":[{"href":"https:\/\/muzikalusdarzelis.lt\/en\/wp-json\/wp\/v2\/media?parent=533"}],"curies":[{"name":"wp","href":"https:\/\/api.w.org\/{rel}","templated":true}]}}